{"id":1174,"date":"2019-09-13T14:21:25","date_gmt":"2019-09-13T12:21:25","guid":{"rendered":"https:\/\/vandemeester.com\/?page_id=1174"},"modified":"2021-06-08T16:30:21","modified_gmt":"2021-06-08T14:30:21","slug":"french-crepes","status":"publish","type":"page","link":"https:\/\/vandemeester.com\/?page_id=1174","title":{"rendered":"French Cr\u00eapes"},"content":{"rendered":"<p>[vc_row][vc_column][vc_column_text]Our label Cr\u00eape mix is &#8211; Cr\u00eapes de Paris.<\/p>\r\n\r\n\r\n\r\n\r\n\r\n<ul class=\"wp-block-gallery columns-2 is-cropped wp-block-gallery-1 is-layout-flex wp-block-gallery-is-layout-flex\">\r\n<li class=\"blocks-gallery-item\">\r\n<figure><\/figure>\r\n<\/li>\r\n<li class=\"blocks-gallery-item\">\u00a0<\/li>\r\n<\/ul>\r\n\r\n<p><img loading=\"lazy\" decoding=\"async\" class=\"alignnone size-medium wp-image-1333\" src=\"https:\/\/vandemeester.com\/wp-content\/uploads\/2021\/06\/CrepesDeParis25-225x300.png\" alt=\"Crepes\" width=\"225\" height=\"300\" srcset=\"https:\/\/vandemeester.com\/wp-content\/uploads\/2021\/06\/CrepesDeParis25-225x300.png 225w, https:\/\/vandemeester.com\/wp-content\/uploads\/2021\/06\/CrepesDeParis25-768x1024.png 768w, https:\/\/vandemeester.com\/wp-content\/uploads\/2021\/06\/CrepesDeParis25-1152x1536.png 1152w, https:\/\/vandemeester.com\/wp-content\/uploads\/2021\/06\/CrepesDeParis25.png 1500w\" sizes=\"auto, (max-width: 225px) 100vw, 225px\" \/><\/p>\r\n<p class=\"wp-block-paragraph\">Our bakingmix for French Crepes<br \/>is available in 1 kg packaging, 2,5 kg and 10 kg bag.<br \/>Other weights, like 5 kg and 20 kg are available upon request.<\/p>\r\n\r\n<p>Only add water, mix, and the batter is ready for use.<\/p>\r\n\r\n\r\n\r\n<p class=\"wp-block-paragraph\">[\/vc_column_text][\/vc_column][\/vc_row][vc_row][vc_column][vc_column_text]<\/p>\r\n<p>Our Cr\u00eapes de Paris PDF infosheet<\/p>\r\n<p><a href=\"https:\/\/vandemeester.com\/wp-content\/uploads\/2020\/10\/Crepes-de-Paris.pdf\">Crepes de Paris<\/a><\/p>\r\n<p>[\/vc_column_text][\/vc_column][\/vc_row]<\/p>","protected":false},"excerpt":{"rendered":"<p>[vc_row][vc_column][vc_column_text]Our label Cr\u00eape mix is &#8211; Cr\u00eapes de Paris. Our bakingmix for French Crepesis available in 1 kg packaging, 2,5 kg and 10 kg bag.Other weights, like 5 kg and 20 kg are available upon request. Only add water, mix, and the batter is ready for use. [\/vc_column_text][\/vc_column][\/vc_row][vc_row][vc_column][vc_column_text] Our Cr\u00eapes de Paris PDF infosheet Crepes&hellip; <br \/> <a class=\"read-more\" href=\"https:\/\/vandemeester.com\/?page_id=1174\">Read more<\/a><\/p>\n","protected":false},"author":1,"featured_media":0,"parent":490,"menu_order":0,"comment_status":"closed","ping_status":"closed","template":"","meta":{"_crdt_document":"","_monsterinsights_skip_tracking":false,"_monsterinsights_sitenote_active":false,"_monsterinsights_sitenote_note":"","_monsterinsights_sitenote_category":0,"footnotes":""},"class_list":["post-1174","page","type-page","status-publish","hentry"],"_links":{"self":[{"href":"https:\/\/vandemeester.com\/index.php?rest_route=\/wp\/v2\/pages\/1174","targetHints":{"allow":["GET"]}}],"collection":[{"href":"https:\/\/vandemeester.com\/index.php?rest_route=\/wp\/v2\/pages"}],"about":[{"href":"https:\/\/vandemeester.com\/index.php?rest_route=\/wp\/v2\/types\/page"}],"author":[{"embeddable":true,"href":"https:\/\/vandemeester.com\/index.php?rest_route=\/wp\/v2\/users\/1"}],"replies":[{"embeddable":true,"href":"https:\/\/vandemeester.com\/index.php?rest_route=%2Fwp%2Fv2%2Fcomments&post=1174"}],"version-history":[{"count":6,"href":"https:\/\/vandemeester.com\/index.php?rest_route=\/wp\/v2\/pages\/1174\/revisions"}],"predecessor-version":[{"id":1335,"href":"https:\/\/vandemeester.com\/index.php?rest_route=\/wp\/v2\/pages\/1174\/revisions\/1335"}],"up":[{"embeddable":true,"href":"https:\/\/vandemeester.com\/index.php?rest_route=\/wp\/v2\/pages\/490"}],"wp:attachment":[{"href":"https:\/\/vandemeester.com\/index.php?rest_route=%2Fwp%2Fv2%2Fmedia&parent=1174"}],"curies":[{"name":"wp","href":"https:\/\/api.w.org\/{rel}","templated":true}]}}